{"id":12681,"date":"2013-09-12T14:42:57","date_gmt":"2013-09-12T14:42:57","guid":{"rendered":"http:\/\/the7.dream-demo.com\/dummy\/?page_id=12681"},"modified":"2020-09-25T16:10:50","modified_gmt":"2020-09-25T16:10:50","slug":"home-2","status":"publish","type":"page","link":"https:\/\/www.livingdesignparma.it\/en\/","title":{"rendered":"Home"},"content":{"rendered":"<p><\/p>\n\n\n<div class=\"stripe stripe-style-1\" style=\"background-color: #020202;background-position: top;background-repeat: repeat;background-attachment: scroll;background-size: auto;padding-top: 50px;padding-bottom: 55px;margin-top: -40px\"><div class=\"wpb_row wf-container \">\n\t<div class=\"wf-cell wf-span-12 wpb_column column_container \">\n\t\t\t\n\t<div class=\"wpb_text_column wpb_content_element \">\n\t\t<div class=\"wpb_wrapper\">\n\t\t\t\n<h2 style=\"text-align: center;\"><span style=\"color: #ffffff;\"><span style=\"color: #ff0000;\">&#8220;<\/span> Good design is obvious. Great design is transparent.<span style=\"color: #ff0000;\">&#8220;<\/span><\/span><\/h2>\n<h3 style=\"text-align: center;\"><span style=\"color: #ff0000;\">Joe Sparano<\/span><\/h3>\n\n\t\t<\/div> \n\t<\/div> \n\t<\/div> \n<\/div><\/div>\n\n\n<div class=\"stripe stripe-style-3\" style=\"background-position: top;background-repeat: repeat;background-attachment: scroll;background-size: auto;padding-top: 50px\"><div class=\"wpb_row wf-container \">\n\t<div class=\"wf-cell wf-span-4 wpb_column column_container \">\n\t\t\t\n\t<div class=\"wpb_text_column wpb_content_element \">\n\t\t<div class=\"wpb_wrapper\">\n\t\t\t\n<h3>Benvenuti sul nostro sito!<\/h3>\n\n\t\t<\/div> \n\t<\/div>\n<div class=\"gap\" style=\"line-height: 20px; height: 20px;\"><\/div>\n\n\t<div class=\"wpb_text_column wpb_content_element \">\n\t\t<div class=\"wpb_wrapper\">\n\t\t\t\n<p style=\"text-align: justify;\"><a href=\"https:\/\/www.livingdesignparma.it\/wp-content\/uploads\/2015\/01\/Logo.png\"><img loading=\"lazy\" class=\"alignnone size-full wp-image-12838\" src=\"https:\/\/www.livingdesignparma.it\/wp-content\/uploads\/2015\/01\/Logo.png\" alt=\"Logo\" width=\"295\" height=\"114\" \/><\/a><\/p>\n<p class=\"p1\">Lo studio di progettazione Living Design propone dal 2007 soluzioni creative e funzionali per i diversi ambienti, affidandosi alla professionalit\u00e0 di artigiani specializzati e scegliendo per i propri clienti prodotti di alta qualit\u00e0.<\/p>\n\n\t\t<\/div> \n\t<\/div> \n<div class=\"gap\" style=\"line-height: 30px; height: 30px;\"><\/div>\n\n\t<\/div> \n\n\t<div class=\"wf-cell wf-span-4 wpb_column column_container \">\n\t\t\t\n\t<div class=\"wpb_text_column wpb_content_element \">\n\t\t<div class=\"wpb_wrapper\">\n\t\t\t\n<h3>I nostri punti di forza<\/h3>\n\n\t\t<\/div> \n\t<\/div>\n<div class=\"gap\" style=\"line-height: 20px; height: 20px;\"><\/div>\n\n\t<div class=\"wpb_accordion wpb_content_element  not-column-inherit dt-style\" data-collapsible=no data-active-tab=\"1\">\n\t\t<div class=\"wpb_wrapper wpb_accordion_wrapper ui-accordion\">\n\t\t\t\n\t\t\t<div class=\"wpb_accordion_section group\">\n\t\t\t\t<h3 class=\"wpb_accordion_header ui-accordion-header\"><a href=\"#creativita\">Creativit\u00e0<\/a><\/h3>\n\t\t\t\t<div class=\"wpb_accordion_content ui-accordion-content vc_clearfix\">\n\t\t\t\t\n\t<div class=\"wpb_text_column wpb_content_element \">\n\t\t<div class=\"wpb_wrapper\">\n\t\t\tI progetti di Living Design sono caratterizzati dall\u2019unicit\u00e0, ogni spazio viene studiato ad hoc per il cliente, per rispecchiare le sue esigenze e la sua personalit\u00e0. La fase di progettazione \u00e8 molto importante: le idee vengono riprodotte su carta, limitando l\u2019uso del computer per dare ad ogni progetto una maggiore forza creativa.\n\t\t<\/div> \n\t<\/div> \n\t\t\t\t<\/div>\n\t\t\t<\/div> \n\n\t\t\t<div class=\"wpb_accordion_section group\">\n\t\t\t\t<h3 class=\"wpb_accordion_header ui-accordion-header\"><a href=\"#puntualita\">Puntualit\u00e0<\/a><\/h3>\n\t\t\t\t<div class=\"wpb_accordion_content ui-accordion-content vc_clearfix\">\n\t\t\t\t\n\t<div class=\"wpb_text_column wpb_content_element \">\n\t\t<div class=\"wpb_wrapper\">\n\t\t\t\n<p class=\"p1\">I professionisti di Living Design credono nella perfezione. La cura del dettaglio \u00e8 fondamentale per il design di alto livello e viene rispettata ad ogni fase del lavoro, dal disegno al montaggio.<\/p>\n\n\t\t<\/div> \n\t<\/div> \n\t\t\t\t<\/div>\n\t\t\t<\/div> \n\n\t\t\t<div class=\"wpb_accordion_section group\">\n\t\t\t\t<h3 class=\"wpb_accordion_header ui-accordion-header\"><a href=\"#esperienza\">Esperienza<\/a><\/h3>\n\t\t\t\t<div class=\"wpb_accordion_content ui-accordion-content vc_clearfix\">\n\t\t\t\t\n\t<div class=\"wpb_text_column wpb_content_element \">\n\t\t<div class=\"wpb_wrapper\">\n\t\t\t\n<p class=\"p1\">Living Design \u00e8 una realt\u00e0 giovane ma con un\u2019esperienza a tutto tondo, che permette di operare nel settore del design in modo completo e competente. Il team \u00e8 composto da professionisti attenti e aggiornati, che allo sguardo estetico affiancano l\u2019attenzione per l\u2019innovazione tecnologica.<\/p>\n\n\t\t<\/div> \n\t<\/div> \n\t\t\t\t<\/div>\n\t\t\t<\/div> \n\n\t\t<\/div> \n\t<\/div> \n<div class=\"gap\" style=\"line-height: 30px; height: 30px;\"><\/div>\n\n\t<\/div> \n\n\t<div class=\"wf-cell wf-span-4 wpb_column column_container \">\n\t\t\t\n\t<div class=\"wpb_text_column wpb_content_element \">\n\t\t<div class=\"wpb_wrapper\">\n\t\t\t\n<h3>Testimonials<\/h3>\n\n\t\t<\/div> \n\t<\/div>\n<div class=\"gap\" style=\"line-height: 20px; height: 20px;\"><\/div>\n<section class=\"testimonial-item testimonial-item-slider\"><ul class=\"testimonials slider-content rsCont\">\n<li><article>\n\t<div class=\"testimonial-content\">Lorem ipsum nec magna fermentum in pharetra orci mollis sit amet odio eu amet mauris ornare dapibus. Morbi pellen tesque vehicula nisi. Nam enim felis apibus egetras consec tetur augue emassa auctort id glavico to amet molestie lorem pulvinar odio eulos amet mauris ornare dapibus.<\/div>\n\t<div class=\"testimonial-vcard\"><div class=\"wf-td\"><span class=\"alignleft\"><img class=\"preload-me\" src=\"https:\/\/www.livingdesignparma.it\/wp-content\/uploads\/2013\/08\/img010-50x50.jpg\" width=\"50\" height=\"50\"  title=\"Image title 11\" alt=\"Image title 11\" \/><\/span><\/div><div class=\"wf-td\"><span class=\"text-primary\">01 &#8211; Diana Red<\/span><br \/><span class=\"text-secondary color-secondary\">manager<\/span><\/div><\/div>\n<\/article>\n<\/li><li><article>\n\t<div class=\"testimonial-content\">Nulla cursus, enim et luctus hendre ritnisl libero molestie ante, ut fringilla purus eros quis ipsum. Aliquam bibendum, est a semper malesuada enim et luctus hendre ritnisl libero molestie lectus. Cras justo non justo venenatis element. Curabitur sed dui metus. Ut lobortis nisl at semper tellus tincidunt lorem ipsum dolor amet communitas.<\/div>\n\t<div class=\"testimonial-vcard\"><div class=\"wf-td\"><span class=\"alignleft no-avatar\"><\/span><\/div><div class=\"wf-td\"><span class=\"text-primary\">02 &#8211; Anna White<\/span><br \/><span class=\"text-secondary color-secondary\">loyal client<\/span><\/div><\/div>\n<\/article>\n<\/li><li><article>\n\t<div class=\"testimonial-content\">Lorem enim et luctus hendre ritnisl libero molestie ante, ut fringilla purus eros quis ipsum. Aliquam bibendum, est a semper malesuada enim et luctus hendre ritnisl libero molestie lectus. Cras justo non justo venenatis element. Curabitur sed dui metus. Ut lobortis nisl at semper tellus tincidunt lorem.<\/div>\n\t<div class=\"testimonial-vcard\"><div class=\"wf-td\"><span class=\"alignleft\"><img class=\"preload-me\" src=\"https:\/\/www.livingdesignparma.it\/wp-content\/uploads\/2013\/08\/img013-50x50.jpg\" width=\"50\" height=\"50\"  title=\"img013\" alt=\"img013\" \/><\/span><\/div><div class=\"wf-td\"><span class=\"text-primary\">03 &#8211; Richard Black<\/span><br \/><span class=\"text-secondary color-secondary\">happy client<\/span><\/div><\/div>\n<\/article>\n<\/li><li><article>\n\t<div class=\"testimonial-content\">Vursus, enim et luctus hendre ritnisl libero molestie ante, ut fringilla purus eros quis ipsum. Aliquam bibendum, est a semper malesuada enim et luctus hendre ritnisl libero molestie lectus. Cras justo non justo venenatis element. Curabitur sed dui metus. Ut lobortis nisl at semper tellus tincidunt lorem ipsum dolor amet communitas.<\/div>\n\t<div class=\"testimonial-vcard\"><div class=\"wf-td\"><a href=\"http:\/\/themeforest.net\/user\/Dream-Theme\"><span class=\"alignleft\"><img class=\"preload-me\" src=\"https:\/\/www.livingdesignparma.it\/wp-content\/uploads\/2013\/08\/img001-50x50.jpg\" width=\"50\" height=\"50\"  title=\"Image title 02\" alt=\"Image title 02\" \/><\/span><\/a><\/div><div class=\"wf-td\"><a href=\"http:\/\/themeforest.net\/user\/Dream-Theme\" class=\"text-primary\"><span>06 &#8211; Miriam Orange<\/span><\/a><br \/><span class=\"text-secondary color-secondary\">photographer<\/span><\/div><\/div>\n<\/article>\n<\/li><li><article>\n\t<div class=\"testimonial-content\">Lorem ipsum nec magna fermentum in pharetra orci mollis sit amet odio eu amet mauris ornare dapibus. Morbi pellen tesque vehicula nisi. Nam enim felis apibus egetras consec tetur augue emassa auctort id glavico to amet molestie lorem pulvinar odio eulos amet mauris ornare dapibus.<\/div>\n\t<div class=\"testimonial-vcard\"><div class=\"wf-td\"><span class=\"alignleft\"><img class=\"preload-me\" src=\"https:\/\/www.livingdesignparma.it\/wp-content\/uploads\/2013\/08\/img007-50x50.jpg\" width=\"50\" height=\"50\"  title=\"Image title 08\" alt=\"Image title 08\" \/><\/span><\/div><div class=\"wf-td\"><span class=\"text-primary\">07 &#8211; Tiffany Violet<\/span><br \/><span class=\"text-secondary color-secondary\">happy customer<\/span><\/div><\/div>\n<\/article>\n<\/li><li><article>\n\t<div class=\"testimonial-content\">Yopsum nec magna fermentum in pharetra orci mollis sit amet odio eu amet mauris ornare dapibus. Morbi pellen tesque vehicula nisi. Nam enim felis apibus egetras consec tetur augue emassa auctort id glavico to amet molestie lorem pulvinar odio eulos amet mauris ornare dapibus.<\/div>\n\t<div class=\"testimonial-vcard\"><div class=\"wf-td\"><span class=\"alignleft no-avatar\"><\/span><\/div><div class=\"wf-td\"><span class=\"text-primary\">08 &#8211; Miriam Vanilla<\/span><br \/><span class=\"text-secondary color-secondary\">programmer<\/span><\/div><\/div>\n<\/article>\n<\/li><\/ul>\n<\/section>\n<div class=\"gap\" style=\"line-height: 20px; height: 20px;\"><\/div>\n\n\t<\/div> \n<\/div><\/div>\n\n\n\n<div class=\"wpb_row wf-container \">\n\t<div class=\"wf-cell wf-span-12 wpb_column column_container \">\n\t\t\t\n\t<\/div> \n<\/div><\/p>","protected":false},"excerpt":{"rendered":"<p>&#8221; Good design is obvious. Great design is transparent.&#8221; Joe Sparano Benvenuti sul nostro sito! Lo studio di progettazione Living Design propone dal 2007 soluzioni creative e funzionali per i diversi ambienti, affidandosi alla professionalit\u00e0 di artigiani specializzati e scegliendo per i propri clienti prodotti di alta qualit\u00e0. I nostri punti di forza Creativit\u00e0 I&#8230;<\/p>\n","protected":false},"author":1,"featured_media":0,"parent":0,"menu_order":7,"comment_status":"closed","ping_status":"closed","template":"","meta":[],"yoast_head":"<!-- This site is optimized with the Yoast SEO plugin v17.0 - https:\/\/yoast.com\/wordpress\/plugins\/seo\/ -->\n<meta name=\"robots\" content=\"index, follow, max-snippet:-1, max-image-preview:large, max-video-preview:-1\" \/>\n<link rel=\"canonical\" href=\"https:\/\/www.livingdesignparma.it\/\" \/>\n<meta property=\"og:locale\" content=\"en_US\" \/>\n<meta property=\"og:type\" content=\"article\" \/>\n<meta property=\"og:title\" content=\"Home - Living Design Parma\" \/>\n<meta property=\"og:url\" content=\"https:\/\/www.livingdesignparma.it\/\" \/>\n<meta property=\"og:site_name\" content=\"Living Design Parma\" \/>\n<meta property=\"article:publisher\" content=\"https:\/\/www.facebook.com\/livingdesignparma\" \/>\n<meta property=\"article:modified_time\" content=\"2020-09-25T16:10:50+00:00\" \/>\n<meta property=\"og:image\" content=\"https:\/\/www.livingdesignparma.it\/wp-content\/uploads\/2015\/01\/Logo.png\" \/>\n<meta name=\"twitter:card\" content=\"summary_large_image\" \/>\n<meta name=\"twitter:label1\" content=\"Est. reading time\" \/>\n\t<meta name=\"twitter:data1\" content=\"4 minutes\" \/>\n<script type=\"application\/ld+json\" class=\"yoast-schema-graph\">{\"@context\":\"https:\/\/schema.org\",\"@graph\":[{\"@type\":\"Organization\",\"@id\":\"https:\/\/www.livingdesignparma.it\/#organization\",\"name\":\"Living Design Parma\",\"url\":\"https:\/\/www.livingdesignparma.it\/\",\"sameAs\":[\"https:\/\/www.facebook.com\/livingdesignparma\",\"https:\/\/www.instagram.com\/livingdesign_parma\/\"],\"logo\":{\"@type\":\"ImageObject\",\"@id\":\"https:\/\/www.livingdesignparma.it\/#logo\",\"inLanguage\":\"en-US\",\"url\":\"https:\/\/www.livingdesignparma.it\/wp-content\/uploads\/2015\/01\/LogoSmall.png\",\"contentUrl\":\"https:\/\/www.livingdesignparma.it\/wp-content\/uploads\/2015\/01\/LogoSmall.png\",\"width\":148,\"height\":57,\"caption\":\"Living Design Parma\"},\"image\":{\"@id\":\"https:\/\/www.livingdesignparma.it\/#logo\"}},{\"@type\":\"WebSite\",\"@id\":\"https:\/\/www.livingdesignparma.it\/#website\",\"url\":\"https:\/\/www.livingdesignparma.it\/\",\"name\":\"Living Design Parma\",\"description\":\"| design d&#039;interni\",\"publisher\":{\"@id\":\"https:\/\/www.livingdesignparma.it\/#organization\"},\"potentialAction\":[{\"@type\":\"SearchAction\",\"target\":{\"@type\":\"EntryPoint\",\"urlTemplate\":\"https:\/\/www.livingdesignparma.it\/?s={search_term_string}\"},\"query-input\":\"required name=search_term_string\"}],\"inLanguage\":\"en-US\"},{\"@type\":\"ImageObject\",\"@id\":\"https:\/\/www.livingdesignparma.it\/#primaryimage\",\"inLanguage\":\"en-US\",\"url\":\"https:\/\/www.livingdesignparma.it\/wp-content\/uploads\/2015\/01\/Logo.png\",\"contentUrl\":\"https:\/\/www.livingdesignparma.it\/wp-content\/uploads\/2015\/01\/Logo.png\",\"width\":295,\"height\":114},{\"@type\":\"WebPage\",\"@id\":\"https:\/\/www.livingdesignparma.it\/#webpage\",\"url\":\"https:\/\/www.livingdesignparma.it\/\",\"name\":\"Home - Living Design Parma\",\"isPartOf\":{\"@id\":\"https:\/\/www.livingdesignparma.it\/#website\"},\"primaryImageOfPage\":{\"@id\":\"https:\/\/www.livingdesignparma.it\/#primaryimage\"},\"datePublished\":\"2013-09-12T14:42:57+00:00\",\"dateModified\":\"2020-09-25T16:10:50+00:00\",\"breadcrumb\":{\"@id\":\"https:\/\/www.livingdesignparma.it\/#breadcrumb\"},\"inLanguage\":\"en-US\",\"potentialAction\":[{\"@type\":\"ReadAction\",\"target\":[\"https:\/\/www.livingdesignparma.it\/\"]}]},{\"@type\":\"BreadcrumbList\",\"@id\":\"https:\/\/www.livingdesignparma.it\/#breadcrumb\",\"itemListElement\":[{\"@type\":\"ListItem\",\"position\":1,\"name\":\"Home\",\"item\":\"https:\/\/www.livingdesignparma.it\/\"},{\"@type\":\"ListItem\",\"position\":2,\"name\":\"Home\"}]}]}<\/script>\n<!-- \/ Yoast SEO plugin. -->","yoast_head_json":{"robots":{"index":"index","follow":"follow","max-snippet":"max-snippet:-1","max-image-preview":"max-image-preview:large","max-video-preview":"max-video-preview:-1"},"canonical":"https:\/\/www.livingdesignparma.it\/","og_locale":"en_US","og_type":"article","og_title":"Home - Living Design Parma","og_url":"https:\/\/www.livingdesignparma.it\/","og_site_name":"Living Design Parma","article_publisher":"https:\/\/www.facebook.com\/livingdesignparma","article_modified_time":"2020-09-25T16:10:50+00:00","og_image":[{"url":"https:\/\/www.livingdesignparma.it\/wp-content\/uploads\/2015\/01\/Logo.png"}],"twitter_card":"summary_large_image","twitter_misc":{"Est. reading time":"4 minutes"},"schema":{"@context":"https:\/\/schema.org","@graph":[{"@type":"Organization","@id":"https:\/\/www.livingdesignparma.it\/#organization","name":"Living Design Parma","url":"https:\/\/www.livingdesignparma.it\/","sameAs":["https:\/\/www.facebook.com\/livingdesignparma","https:\/\/www.instagram.com\/livingdesign_parma\/"],"logo":{"@type":"ImageObject","@id":"https:\/\/www.livingdesignparma.it\/#logo","inLanguage":"en-US","url":"https:\/\/www.livingdesignparma.it\/wp-content\/uploads\/2015\/01\/LogoSmall.png","contentUrl":"https:\/\/www.livingdesignparma.it\/wp-content\/uploads\/2015\/01\/LogoSmall.png","width":148,"height":57,"caption":"Living Design Parma"},"image":{"@id":"https:\/\/www.livingdesignparma.it\/#logo"}},{"@type":"WebSite","@id":"https:\/\/www.livingdesignparma.it\/#website","url":"https:\/\/www.livingdesignparma.it\/","name":"Living Design Parma","description":"| design d&#039;interni","publisher":{"@id":"https:\/\/www.livingdesignparma.it\/#organization"},"potentialAction":[{"@type":"SearchAction","target":{"@type":"EntryPoint","urlTemplate":"https:\/\/www.livingdesignparma.it\/?s={search_term_string}"},"query-input":"required name=search_term_string"}],"inLanguage":"en-US"},{"@type":"ImageObject","@id":"https:\/\/www.livingdesignparma.it\/#primaryimage","inLanguage":"en-US","url":"https:\/\/www.livingdesignparma.it\/wp-content\/uploads\/2015\/01\/Logo.png","contentUrl":"https:\/\/www.livingdesignparma.it\/wp-content\/uploads\/2015\/01\/Logo.png","width":295,"height":114},{"@type":"WebPage","@id":"https:\/\/www.livingdesignparma.it\/#webpage","url":"https:\/\/www.livingdesignparma.it\/","name":"Home - Living Design Parma","isPartOf":{"@id":"https:\/\/www.livingdesignparma.it\/#website"},"primaryImageOfPage":{"@id":"https:\/\/www.livingdesignparma.it\/#primaryimage"},"datePublished":"2013-09-12T14:42:57+00:00","dateModified":"2020-09-25T16:10:50+00:00","breadcrumb":{"@id":"https:\/\/www.livingdesignparma.it\/#breadcrumb"},"inLanguage":"en-US","potentialAction":[{"@type":"ReadAction","target":["https:\/\/www.livingdesignparma.it\/"]}]},{"@type":"BreadcrumbList","@id":"https:\/\/www.livingdesignparma.it\/#breadcrumb","itemListElement":[{"@type":"ListItem","position":1,"name":"Home","item":"https:\/\/www.livingdesignparma.it\/"},{"@type":"ListItem","position":2,"name":"Home"}]}]}},"_links":{"self":[{"href":"https:\/\/www.livingdesignparma.it\/en\/wp-json\/wp\/v2\/pages\/12681"}],"collection":[{"href":"https:\/\/www.livingdesignparma.it\/en\/wp-json\/wp\/v2\/pages"}],"about":[{"href":"https:\/\/www.livingdesignparma.it\/en\/wp-json\/wp\/v2\/types\/page"}],"author":[{"embeddable":true,"href":"https:\/\/www.livingdesignparma.it\/en\/wp-json\/wp\/v2\/users\/1"}],"replies":[{"embeddable":true,"href":"https:\/\/www.livingdesignparma.it\/en\/wp-json\/wp\/v2\/comments?post=12681"}],"version-history":[{"count":46,"href":"https:\/\/www.livingdesignparma.it\/en\/wp-json\/wp\/v2\/pages\/12681\/revisions"}],"predecessor-version":[{"id":13679,"href":"https:\/\/www.livingdesignparma.it\/en\/wp-json\/wp\/v2\/pages\/12681\/revisions\/13679"}],"wp:attachment":[{"href":"https:\/\/www.livingdesignparma.it\/en\/wp-json\/wp\/v2\/media?parent=12681"}],"curies":[{"name":"wp","href":"https:\/\/api.w.org\/{rel}","templated":true}]}}