{"id":12910,"date":"2015-02-24T08:59:27","date_gmt":"2015-02-24T08:59:27","guid":{"rendered":"http:\/\/www.livingdesignparma.it\/?page_id=12910"},"modified":"2015-05-11T08:08:25","modified_gmt":"2015-05-11T08:08:25","slug":"progettazione-interni","status":"publish","type":"page","link":"https:\/\/www.livingdesignparma.it\/en\/progettazione-interni\/","title":{"rendered":"Progettazione d&#8217;interni"},"content":{"rendered":"<p><div class=\"wpb_row wf-container \">\n\t<div class=\"wf-cell wf-span-8 wpb_column column_container \">\n\t\t\t\n\t<div class=\"wpb_text_column wpb_content_element \">\n\t\t<div class=\"wpb_wrapper\">\n\t\t\t\n<p style=\"text-align: justify;\">Le idee nascono necessariamente da un sopralluogo e da un incontro con il cliente. Seguono schizzi e prove su carta, poi uno studio al computer e infine la realizzazione dei disegni definitivi, con foglio e matita, prima di passare alla messa in opera.<br \/>\nQuella del disegno a mano \u00e8 una scelta mirata: alimenta la fantasia ed \u00e8 un incontro tra la creativit\u00e0 di chi disegna e di chi abiter\u00e0 la casa, inoltre serve a conservare quella personalit\u00e0 che con il render va inevitabilmente persa.<\/p>\n<p style=\"text-align: justify;\">La progettazione grafica eseguita in questo modo rispecchia un\u2019attenzione per la manualit\u00e0 che si ritrova anche nei prodotti artigianali scelti da Living Design e nella realizzazione, affidata ai professionisti impegnati in cantiere che, sotto la guida di Michele, concretizzano ogni progetto.<\/p>\n<p style=\"text-align: justify;\">Il tratto di Living Design diventa immediatamente riconoscibile, come un marchio di garanzia e di esclusivit\u00e0.<\/p>\n\n\t\t<\/div> \n\t<\/div> \n\t<\/div> \n\n\t<div class=\"wf-cell wf-span-4 wpb_column column_container \">\n\t\t\t\n\t<\/div> \n<\/div><\/p>","protected":false},"excerpt":{"rendered":"<p>Le idee nascono necessariamente da un sopralluogo e da un incontro con il cliente. Seguono schizzi e prove su carta, poi uno studio al computer e infine la realizzazione dei disegni definitivi, con foglio e matita, prima di passare alla messa in opera. Quella del disegno a mano \u00e8 una scelta mirata: alimenta la fantasia&#8230;<\/p>\n","protected":false},"author":1,"featured_media":0,"parent":0,"menu_order":0,"comment_status":"closed","ping_status":"closed","template":"","meta":[],"yoast_head":"<!-- This site is optimized with the Yoast SEO plugin v17.0 - https:\/\/yoast.com\/wordpress\/plugins\/seo\/ -->\n<meta name=\"robots\" content=\"index, follow, max-snippet:-1, max-image-preview:large, max-video-preview:-1\" \/>\n<link rel=\"canonical\" href=\"https:\/\/www.livingdesignparma.it\/en\/progettazione-interni\/\" \/>\n<meta property=\"og:locale\" content=\"en_US\" \/>\n<meta property=\"og:type\" content=\"article\" \/>\n<meta property=\"og:title\" content=\"Progettazione d&#039;interni - Living Design Parma\" \/>\n<meta property=\"og:url\" content=\"https:\/\/www.livingdesignparma.it\/en\/progettazione-interni\/\" \/>\n<meta property=\"og:site_name\" content=\"Living Design Parma\" \/>\n<meta property=\"article:publisher\" content=\"https:\/\/www.facebook.com\/livingdesignparma\" \/>\n<meta property=\"article:modified_time\" content=\"2015-05-11T08:08:25+00:00\" \/>\n<meta name=\"twitter:card\" content=\"summary_large_image\" \/>\n<meta name=\"twitter:label1\" content=\"Est. reading time\" \/>\n\t<meta name=\"twitter:data1\" content=\"2 minutes\" \/>\n<script type=\"application\/ld+json\" class=\"yoast-schema-graph\">{\"@context\":\"https:\/\/schema.org\",\"@graph\":[{\"@type\":\"Organization\",\"@id\":\"https:\/\/www.livingdesignparma.it\/#organization\",\"name\":\"Living Design Parma\",\"url\":\"https:\/\/www.livingdesignparma.it\/\",\"sameAs\":[\"https:\/\/www.facebook.com\/livingdesignparma\",\"https:\/\/www.instagram.com\/livingdesign_parma\/\"],\"logo\":{\"@type\":\"ImageObject\",\"@id\":\"https:\/\/www.livingdesignparma.it\/#logo\",\"inLanguage\":\"en-US\",\"url\":\"https:\/\/www.livingdesignparma.it\/wp-content\/uploads\/2015\/01\/LogoSmall.png\",\"contentUrl\":\"https:\/\/www.livingdesignparma.it\/wp-content\/uploads\/2015\/01\/LogoSmall.png\",\"width\":148,\"height\":57,\"caption\":\"Living Design Parma\"},\"image\":{\"@id\":\"https:\/\/www.livingdesignparma.it\/#logo\"}},{\"@type\":\"WebSite\",\"@id\":\"https:\/\/www.livingdesignparma.it\/#website\",\"url\":\"https:\/\/www.livingdesignparma.it\/\",\"name\":\"Living Design Parma\",\"description\":\"| design d&#039;interni\",\"publisher\":{\"@id\":\"https:\/\/www.livingdesignparma.it\/#organization\"},\"potentialAction\":[{\"@type\":\"SearchAction\",\"target\":{\"@type\":\"EntryPoint\",\"urlTemplate\":\"https:\/\/www.livingdesignparma.it\/?s={search_term_string}\"},\"query-input\":\"required name=search_term_string\"}],\"inLanguage\":\"en-US\"},{\"@type\":\"WebPage\",\"@id\":\"https:\/\/www.livingdesignparma.it\/en\/progettazione-interni\/#webpage\",\"url\":\"https:\/\/www.livingdesignparma.it\/en\/progettazione-interni\/\",\"name\":\"Progettazione d'interni - Living Design Parma\",\"isPartOf\":{\"@id\":\"https:\/\/www.livingdesignparma.it\/#website\"},\"datePublished\":\"2015-02-24T08:59:27+00:00\",\"dateModified\":\"2015-05-11T08:08:25+00:00\",\"breadcrumb\":{\"@id\":\"https:\/\/www.livingdesignparma.it\/en\/progettazione-interni\/#breadcrumb\"},\"inLanguage\":\"en-US\",\"potentialAction\":[{\"@type\":\"ReadAction\",\"target\":[\"https:\/\/www.livingdesignparma.it\/en\/progettazione-interni\/\"]}]},{\"@type\":\"BreadcrumbList\",\"@id\":\"https:\/\/www.livingdesignparma.it\/en\/progettazione-interni\/#breadcrumb\",\"itemListElement\":[{\"@type\":\"ListItem\",\"position\":1,\"name\":\"Home\",\"item\":\"https:\/\/www.livingdesignparma.it\/\"},{\"@type\":\"ListItem\",\"position\":2,\"name\":\"Progettazione d&#8217;interni\"}]}]}<\/script>\n<!-- \/ Yoast SEO plugin. -->","yoast_head_json":{"robots":{"index":"index","follow":"follow","max-snippet":"max-snippet:-1","max-image-preview":"max-image-preview:large","max-video-preview":"max-video-preview:-1"},"canonical":"https:\/\/www.livingdesignparma.it\/en\/progettazione-interni\/","og_locale":"en_US","og_type":"article","og_title":"Progettazione d'interni - Living Design Parma","og_url":"https:\/\/www.livingdesignparma.it\/en\/progettazione-interni\/","og_site_name":"Living Design Parma","article_publisher":"https:\/\/www.facebook.com\/livingdesignparma","article_modified_time":"2015-05-11T08:08:25+00:00","twitter_card":"summary_large_image","twitter_misc":{"Est. reading time":"2 minutes"},"schema":{"@context":"https:\/\/schema.org","@graph":[{"@type":"Organization","@id":"https:\/\/www.livingdesignparma.it\/#organization","name":"Living Design Parma","url":"https:\/\/www.livingdesignparma.it\/","sameAs":["https:\/\/www.facebook.com\/livingdesignparma","https:\/\/www.instagram.com\/livingdesign_parma\/"],"logo":{"@type":"ImageObject","@id":"https:\/\/www.livingdesignparma.it\/#logo","inLanguage":"en-US","url":"https:\/\/www.livingdesignparma.it\/wp-content\/uploads\/2015\/01\/LogoSmall.png","contentUrl":"https:\/\/www.livingdesignparma.it\/wp-content\/uploads\/2015\/01\/LogoSmall.png","width":148,"height":57,"caption":"Living Design Parma"},"image":{"@id":"https:\/\/www.livingdesignparma.it\/#logo"}},{"@type":"WebSite","@id":"https:\/\/www.livingdesignparma.it\/#website","url":"https:\/\/www.livingdesignparma.it\/","name":"Living Design Parma","description":"| design d&#039;interni","publisher":{"@id":"https:\/\/www.livingdesignparma.it\/#organization"},"potentialAction":[{"@type":"SearchAction","target":{"@type":"EntryPoint","urlTemplate":"https:\/\/www.livingdesignparma.it\/?s={search_term_string}"},"query-input":"required name=search_term_string"}],"inLanguage":"en-US"},{"@type":"WebPage","@id":"https:\/\/www.livingdesignparma.it\/en\/progettazione-interni\/#webpage","url":"https:\/\/www.livingdesignparma.it\/en\/progettazione-interni\/","name":"Progettazione d'interni - Living Design Parma","isPartOf":{"@id":"https:\/\/www.livingdesignparma.it\/#website"},"datePublished":"2015-02-24T08:59:27+00:00","dateModified":"2015-05-11T08:08:25+00:00","breadcrumb":{"@id":"https:\/\/www.livingdesignparma.it\/en\/progettazione-interni\/#breadcrumb"},"inLanguage":"en-US","potentialAction":[{"@type":"ReadAction","target":["https:\/\/www.livingdesignparma.it\/en\/progettazione-interni\/"]}]},{"@type":"BreadcrumbList","@id":"https:\/\/www.livingdesignparma.it\/en\/progettazione-interni\/#breadcrumb","itemListElement":[{"@type":"ListItem","position":1,"name":"Home","item":"https:\/\/www.livingdesignparma.it\/"},{"@type":"ListItem","position":2,"name":"Progettazione d&#8217;interni"}]}]}},"_links":{"self":[{"href":"https:\/\/www.livingdesignparma.it\/en\/wp-json\/wp\/v2\/pages\/12910"}],"collection":[{"href":"https:\/\/www.livingdesignparma.it\/en\/wp-json\/wp\/v2\/pages"}],"about":[{"href":"https:\/\/www.livingdesignparma.it\/en\/wp-json\/wp\/v2\/types\/page"}],"author":[{"embeddable":true,"href":"https:\/\/www.livingdesignparma.it\/en\/wp-json\/wp\/v2\/users\/1"}],"replies":[{"embeddable":true,"href":"https:\/\/www.livingdesignparma.it\/en\/wp-json\/wp\/v2\/comments?post=12910"}],"version-history":[{"count":8,"href":"https:\/\/www.livingdesignparma.it\/en\/wp-json\/wp\/v2\/pages\/12910\/revisions"}],"predecessor-version":[{"id":13119,"href":"https:\/\/www.livingdesignparma.it\/en\/wp-json\/wp\/v2\/pages\/12910\/revisions\/13119"}],"wp:attachment":[{"href":"https:\/\/www.livingdesignparma.it\/en\/wp-json\/wp\/v2\/media?parent=12910"}],"curies":[{"name":"wp","href":"https:\/\/api.w.org\/{rel}","templated":true}]}}