{"id":12914,"date":"2015-02-24T10:01:01","date_gmt":"2015-02-24T10:01:01","guid":{"rendered":"http:\/\/www.livingdesignparma.it\/?page_id=12914"},"modified":"2017-11-06T15:35:52","modified_gmt":"2017-11-06T15:35:52","slug":"lo-studio","status":"publish","type":"page","link":"https:\/\/www.livingdesignparma.it\/en\/lo-studio\/","title":{"rendered":"Lo studio"},"content":{"rendered":"<p><div class=\"wpb_row wf-container \">\n\t<div class=\"wf-cell wf-span-8 wpb_column column_container \">\n\t\t\t\n\t<div class=\"wpb_text_column wpb_content_element \">\n\t\t<div class=\"wpb_wrapper\">\n\t\t\t\n<p style=\"text-align: justify;\"><strong>Uno studio di progettazione, dove le idee prendono forma.<\/strong><\/p>\n<p style=\"text-align: justify;\">Lo studio Living Design viene inaugurato a Parma nel 2007 da Michele Saccani, professionista specializzato nella progettazione di interni. La scelta di uno spazio piccolo per lo studio non \u00e8 casuale: rispecchia l\u2019intimit\u00e0 necessaria a pensare e illustrare progetti personalizzati per i diversi clienti. Ogni ambiente, che sia abitazione privata o spazio commerciale, ha un\u2019anima, il compito dei professionisti \u00e8 di esprimerla attraverso linee e materia: Living Design si \u00e8 specializzato in prodotti Made in Italy di alta qualit\u00e0 artigianale, per garantire affidabilit\u00e0, unicit\u00e0 delle forme e funzionalit\u00e0.<\/p>\n<p style=\"text-align: justify;\">L\u2019attenzione sartoriale per la realizzazione materica si rispecchia nelle cucine <strong>TM Italia<\/strong>, scelte da Living Design per i propri clienti. Tutti i materiali utilizzati da TM Italia sono pregiati, ma quello pi\u00f9 adatto a esprimere al meglio l&#8217;anima dei progetti\u00a0di Living Design \u00e8 la pietra: naturale e affascinante, regala forte personalit\u00e0 agli\u00a0elementi che compongono lo spazio, anche grazie alle venature che ne rimarcano\u00a0l\u2019esclusivit\u00e0.<\/p>\n\n\t\t<\/div> \n\t<\/div> \n\t<\/div> \n\n\t<div class=\"wf-cell wf-span-4 wpb_column column_container \">\n\t\t\t\n\t<div class=\"wpb_text_column wpb_content_element \">\n\t\t<div class=\"wpb_wrapper\">\n\t\t\t\n<p style=\"text-align: justify;\"><strong>Michele Saccani<\/strong> si forma all\u2019Istituto d\u2019arte Paolo Toschi di Parma, dove ha imparato ad amare l\u2019arte e la progettazione. Dopo diverse esperienze professionali che gli permettono di approcciare pi\u00f9 da vicino il mondo del design, nel 2007 apre Living Design, rispondendo all\u2019esigenza di fondere la creativit\u00e0 con la curiosit\u00e0 per materiali e spazi e realizzare cos\u00ec progetti unici.<\/p>\n\n\t\t<\/div> \n\t<\/div> \n\t<\/div> \n<\/div><\/p>","protected":false},"excerpt":{"rendered":"<p>Uno studio di progettazione, dove le idee prendono forma. Lo studio Living Design viene inaugurato a Parma nel 2007 da Michele Saccani, professionista specializzato nella progettazione di interni. La scelta di uno spazio piccolo per lo studio non \u00e8 casuale: rispecchia l\u2019intimit\u00e0 necessaria a pensare e illustrare progetti personalizzati per i diversi clienti. Ogni ambiente,&#8230;<\/p>\n","protected":false},"author":1,"featured_media":0,"parent":0,"menu_order":0,"comment_status":"closed","ping_status":"closed","template":"","meta":[],"yoast_head":"<!-- This site is optimized with the Yoast SEO plugin v17.0 - https:\/\/yoast.com\/wordpress\/plugins\/seo\/ -->\n<meta name=\"robots\" content=\"index, follow, max-snippet:-1, max-image-preview:large, max-video-preview:-1\" \/>\n<link rel=\"canonical\" href=\"https:\/\/www.livingdesignparma.it\/lo-studio\/\" \/>\n<meta property=\"og:locale\" content=\"en_US\" \/>\n<meta property=\"og:type\" content=\"article\" \/>\n<meta property=\"og:title\" content=\"Lo studio - Living Design Parma\" \/>\n<meta property=\"og:url\" content=\"https:\/\/www.livingdesignparma.it\/lo-studio\/\" \/>\n<meta property=\"og:site_name\" content=\"Living Design Parma\" \/>\n<meta property=\"article:publisher\" content=\"https:\/\/www.facebook.com\/livingdesignparma\" \/>\n<meta property=\"article:modified_time\" content=\"2017-11-06T15:35:52+00:00\" \/>\n<meta name=\"twitter:card\" content=\"summary_large_image\" \/>\n<meta name=\"twitter:label1\" content=\"Est. reading time\" \/>\n\t<meta name=\"twitter:data1\" content=\"3 minutes\" \/>\n<script type=\"application\/ld+json\" class=\"yoast-schema-graph\">{\"@context\":\"https:\/\/schema.org\",\"@graph\":[{\"@type\":\"Organization\",\"@id\":\"https:\/\/www.livingdesignparma.it\/#organization\",\"name\":\"Living Design Parma\",\"url\":\"https:\/\/www.livingdesignparma.it\/\",\"sameAs\":[\"https:\/\/www.facebook.com\/livingdesignparma\",\"https:\/\/www.instagram.com\/livingdesign_parma\/\"],\"logo\":{\"@type\":\"ImageObject\",\"@id\":\"https:\/\/www.livingdesignparma.it\/#logo\",\"inLanguage\":\"en-US\",\"url\":\"https:\/\/www.livingdesignparma.it\/wp-content\/uploads\/2015\/01\/LogoSmall.png\",\"contentUrl\":\"https:\/\/www.livingdesignparma.it\/wp-content\/uploads\/2015\/01\/LogoSmall.png\",\"width\":148,\"height\":57,\"caption\":\"Living Design Parma\"},\"image\":{\"@id\":\"https:\/\/www.livingdesignparma.it\/#logo\"}},{\"@type\":\"WebSite\",\"@id\":\"https:\/\/www.livingdesignparma.it\/#website\",\"url\":\"https:\/\/www.livingdesignparma.it\/\",\"name\":\"Living Design Parma\",\"description\":\"| design d&#039;interni\",\"publisher\":{\"@id\":\"https:\/\/www.livingdesignparma.it\/#organization\"},\"potentialAction\":[{\"@type\":\"SearchAction\",\"target\":{\"@type\":\"EntryPoint\",\"urlTemplate\":\"https:\/\/www.livingdesignparma.it\/?s={search_term_string}\"},\"query-input\":\"required name=search_term_string\"}],\"inLanguage\":\"en-US\"},{\"@type\":\"WebPage\",\"@id\":\"https:\/\/www.livingdesignparma.it\/lo-studio\/#webpage\",\"url\":\"https:\/\/www.livingdesignparma.it\/lo-studio\/\",\"name\":\"Lo studio - Living Design Parma\",\"isPartOf\":{\"@id\":\"https:\/\/www.livingdesignparma.it\/#website\"},\"datePublished\":\"2015-02-24T10:01:01+00:00\",\"dateModified\":\"2017-11-06T15:35:52+00:00\",\"breadcrumb\":{\"@id\":\"https:\/\/www.livingdesignparma.it\/lo-studio\/#breadcrumb\"},\"inLanguage\":\"en-US\",\"potentialAction\":[{\"@type\":\"ReadAction\",\"target\":[\"https:\/\/www.livingdesignparma.it\/lo-studio\/\"]}]},{\"@type\":\"BreadcrumbList\",\"@id\":\"https:\/\/www.livingdesignparma.it\/lo-studio\/#breadcrumb\",\"itemListElement\":[{\"@type\":\"ListItem\",\"position\":1,\"name\":\"Home\",\"item\":\"https:\/\/www.livingdesignparma.it\/\"},{\"@type\":\"ListItem\",\"position\":2,\"name\":\"Lo studio\"}]}]}<\/script>\n<!-- \/ Yoast SEO plugin. -->","yoast_head_json":{"robots":{"index":"index","follow":"follow","max-snippet":"max-snippet:-1","max-image-preview":"max-image-preview:large","max-video-preview":"max-video-preview:-1"},"canonical":"https:\/\/www.livingdesignparma.it\/lo-studio\/","og_locale":"en_US","og_type":"article","og_title":"Lo studio - Living Design Parma","og_url":"https:\/\/www.livingdesignparma.it\/lo-studio\/","og_site_name":"Living Design Parma","article_publisher":"https:\/\/www.facebook.com\/livingdesignparma","article_modified_time":"2017-11-06T15:35:52+00:00","twitter_card":"summary_large_image","twitter_misc":{"Est. reading time":"3 minutes"},"schema":{"@context":"https:\/\/schema.org","@graph":[{"@type":"Organization","@id":"https:\/\/www.livingdesignparma.it\/#organization","name":"Living Design Parma","url":"https:\/\/www.livingdesignparma.it\/","sameAs":["https:\/\/www.facebook.com\/livingdesignparma","https:\/\/www.instagram.com\/livingdesign_parma\/"],"logo":{"@type":"ImageObject","@id":"https:\/\/www.livingdesignparma.it\/#logo","inLanguage":"en-US","url":"https:\/\/www.livingdesignparma.it\/wp-content\/uploads\/2015\/01\/LogoSmall.png","contentUrl":"https:\/\/www.livingdesignparma.it\/wp-content\/uploads\/2015\/01\/LogoSmall.png","width":148,"height":57,"caption":"Living Design Parma"},"image":{"@id":"https:\/\/www.livingdesignparma.it\/#logo"}},{"@type":"WebSite","@id":"https:\/\/www.livingdesignparma.it\/#website","url":"https:\/\/www.livingdesignparma.it\/","name":"Living Design Parma","description":"| design d&#039;interni","publisher":{"@id":"https:\/\/www.livingdesignparma.it\/#organization"},"potentialAction":[{"@type":"SearchAction","target":{"@type":"EntryPoint","urlTemplate":"https:\/\/www.livingdesignparma.it\/?s={search_term_string}"},"query-input":"required name=search_term_string"}],"inLanguage":"en-US"},{"@type":"WebPage","@id":"https:\/\/www.livingdesignparma.it\/lo-studio\/#webpage","url":"https:\/\/www.livingdesignparma.it\/lo-studio\/","name":"Lo studio - Living Design Parma","isPartOf":{"@id":"https:\/\/www.livingdesignparma.it\/#website"},"datePublished":"2015-02-24T10:01:01+00:00","dateModified":"2017-11-06T15:35:52+00:00","breadcrumb":{"@id":"https:\/\/www.livingdesignparma.it\/lo-studio\/#breadcrumb"},"inLanguage":"en-US","potentialAction":[{"@type":"ReadAction","target":["https:\/\/www.livingdesignparma.it\/lo-studio\/"]}]},{"@type":"BreadcrumbList","@id":"https:\/\/www.livingdesignparma.it\/lo-studio\/#breadcrumb","itemListElement":[{"@type":"ListItem","position":1,"name":"Home","item":"https:\/\/www.livingdesignparma.it\/"},{"@type":"ListItem","position":2,"name":"Lo studio"}]}]}},"_links":{"self":[{"href":"https:\/\/www.livingdesignparma.it\/en\/wp-json\/wp\/v2\/pages\/12914"}],"collection":[{"href":"https:\/\/www.livingdesignparma.it\/en\/wp-json\/wp\/v2\/pages"}],"about":[{"href":"https:\/\/www.livingdesignparma.it\/en\/wp-json\/wp\/v2\/types\/page"}],"author":[{"embeddable":true,"href":"https:\/\/www.livingdesignparma.it\/en\/wp-json\/wp\/v2\/users\/1"}],"replies":[{"embeddable":true,"href":"https:\/\/www.livingdesignparma.it\/en\/wp-json\/wp\/v2\/comments?post=12914"}],"version-history":[{"count":12,"href":"https:\/\/www.livingdesignparma.it\/en\/wp-json\/wp\/v2\/pages\/12914\/revisions"}],"predecessor-version":[{"id":13775,"href":"https:\/\/www.livingdesignparma.it\/en\/wp-json\/wp\/v2\/pages\/12914\/revisions\/13775"}],"wp:attachment":[{"href":"https:\/\/www.livingdesignparma.it\/en\/wp-json\/wp\/v2\/media?parent=12914"}],"curies":[{"name":"wp","href":"https:\/\/api.w.org\/{rel}","templated":true}]}}